{"id":1862,"date":"2026-02-23T04:42:45","date_gmt":"2026-02-23T04:42:45","guid":{"rendered":"https:\/\/steven.pixxels.dev\/datenschutzerklaerung\/"},"modified":"2026-02-24T07:08:31","modified_gmt":"2026-02-24T07:08:31","slug":"datenschutzerklaerung","status":"publish","type":"page","link":"https:\/\/steven.pixxels.dev\/de\/datenschutzerklaerung\/","title":{"rendered":"Datenschutzerkl\u00e4rung"},"content":{"rendered":"\t\t<div data-elementor-type=\"wp-page\" data-elementor-id=\"1862\" class=\"elementor elementor-1862 elementor-1854\" data-elementor-post-type=\"page\">\n\t\t\t\t<div class=\"elementor-element elementor-element-d2c779d e-flex e-con-boxed e-con e-parent\" data-id=\"d2c779d\" data-element_type=\"container\" data-e-type=\"container\" data-settings=\"{&quot;background_background&quot;:&quot;classic&quot;}\">\n\t\t\t\t\t<div class=\"e-con-inner\">\n\t\t\t\t<div class=\"elementor-element elementor-element-309ffab elementor-widget elementor-widget-heading\" data-id=\"309ffab\" data-element_type=\"widget\" data-e-type=\"widget\" data-widget_type=\"heading.default\">\n\t\t\t\t\t<h2 class=\"elementor-heading-title elementor-size-default\">DATENSCHUTZERKL\u00c4RUNG<\/h2>\t\t\t\t<\/div>\n\t\t\t\t<div class=\"elementor-element elementor-element-7952513 elementor-widget__width-initial elementor-widget elementor-widget-text-editor\" data-id=\"7952513\" data-element_type=\"widget\" data-e-type=\"widget\" data-widget_type=\"text-editor.default\">\n\t\t\t\t\t\t\t\t\t<p><strong>1. Einleitung<\/strong><\/p>\n<p>MIEKO ARTS LTD nimmt den Schutz Ihrer personenbezogenen Daten sehr ernst. Diese Datenschutzerkl\u00e4rung informiert Sie dar\u00fcber, wie wir Ihre personenbezogenen Daten auf www.steventimmerman.com erheben, verarbeiten und sch\u00fctzen. <\/p>\n<p><strong>2. Verantwortlicher<\/strong><\/p>\n<p>MIEKO ARTS LTD<br>61 Archbishop Makarios III Avenue<br>Serghides House, 1st floorFlat\/ Offioce102<br>6017 Larnaca<br>Republic of Cyprus<\/p>\n<p>Email: contact@steventimmerman.com<\/p>\n<p>MIEKO ARTS LTD ist f\u00fcr die Verarbeitung personenbezogener Daten verantwortlich, wie in dieser Datenschutzerkl\u00e4rung beschrieben.<\/p>\n<p><strong>3. Erhobene personenbezogene Daten<\/strong><\/p>\n<p>Wir erheben ausschlie\u00dflich personenbezogene Daten, die Sie uns freiwillig zur Verf\u00fcgung stellen. Dazu geh\u00f6ren: <\/p>\n<ul>\n<li>Name<\/li>\n<li>E-Mail-Adresse<\/li>\n<li>Telefonnummer<\/li>\n<li>Firmenname (optional)<\/li>\n<li>Nachrichteninhalt<\/li>\n<\/ul>\n<p>Diese Daten werden erhoben \u00fcber:<\/p>\n<ul>\n<li>Kontaktformulare<\/li>\n<li>Newsletter-Anmeldungen<\/li>\n<li>Terminvereinbarungen \u00fcber Calendly<\/li>\n<\/ul>\n<p>Es erfolgt keine Benutzerregistrierung und kein Verkauf \u00fcber die Website.<\/p>\n<p><strong>4. Zweck der Datenverarbeitung<\/strong><\/p>\n<p>Die Verarbeitung Ihrer Daten erfolgt ausschlie\u00dflich zu folgenden Zwecken:<\/p>\n<ul>\n<li>Information \u00fcber unsere Dienstleistungen<\/li>\n<li>Beantwortung von Anfragen<\/li>\n<li>Versand von Newslettern<\/li>\n<li>Kommunikation mit Interessenten<\/li>\n<li>Terminverwaltung<\/li>\n<\/ul>\n<p><strong>5. Rechtsgrundlage<\/strong><\/p>\n<p>Die Verarbeitung erfolgt auf Grundlage Ihrer Einwilligung gem\u00e4\u00df Art. 6 Abs. 1 lit. a DSGVO.<\/p>\n<ul>\n<li>&#8211;<\/li>\n<li>&#8211;<\/li>\n<\/ul>\n<p><strong>6. Cookies<\/strong><\/p>\n<p>Unsere Website verwendet Cookies zur Verbesserung der Funktionalit\u00e4t.<\/p>\n<p>Google Analytics zur Website-Analyse<\/p>\n<p>CookieYes zur Verwaltung der Cookie-Einwilligung<\/p>\n<p>Cookies werden nur nach erteilter Zustimmung gesetzt.<\/p>\n<p><strong>7. Eingesetzte Drittanbieter<\/strong><\/p>\n<p>Wir nutzen folgende externe Dienstleister:<\/p>\n<ul>\n<li>ActiveCampaign f\u00fcr E-Mail-Marketing<\/li>\n<li>Calendly f\u00fcr Terminbuchungen<\/li>\n<li>Strato.de als Hosting-Anbieter<\/li>\n<li>Vimeo f\u00fcr eingebettete Videos<\/li>\n<\/ul>\n<p>Eine Daten\u00fcbertragung au\u00dferhalb der EU findet nicht statt. <\/p>\n<p><strong>8. Speicherdauer<\/strong><\/p>\n<p>Personenbezogene Daten werden nur so lange gespeichert, wie es gesetzlich erforderlich oder f\u00fcr den jeweiligen Zweck notwendig ist.<\/p>\n<p>Kontakt- und Marketingdaten: bis zu 2 Jahre<\/p>\n<p>Newsletter-Daten: bis zur Abmeldung<\/p>\n<p>Gesch\u00e4ftliche Kommunikation: bis zu 7 Jahre<\/p>\n<p><strong>9. Datensicherheit<\/strong><\/p>\n<p>Wir setzen technische und organisatorische Sicherheitsma\u00dfnahmen ein, darunter SSL-Verschl\u00fcsselung und Zugriffsbeschr\u00e4nkungen.<\/p>\n<ul>\n<li>&#8211;<\/li>\n<li>&#8211;<\/li>\n<li>&#8211;<\/li>\n<li>Zugriff auf personenbezogene Daten haben ausschlie\u00dflich Steven Timmerman und Pixxels.<\/li>\n<\/ul>\n<p><strong>10. Rechte der betroffenen Personen<\/strong><\/p>\n<p>Sie haben das Recht auf Auskunft, Berichtigung, L\u00f6schung, Einschr\u00e4nkung der Verarbeitung sowie Widerruf Ihrer Einwilligung.<\/p>\n<ul>\n<li>&#8211;<\/li>\n<li>&#8211;<\/li>\n<li>&#8211;<\/li>\n<li>&#8211;<\/li>\n<li>&#8211;<\/li>\n<\/ul>\n<p>Anfragen richten Sie bitte an info@steventimmerman.com.<\/p>\n<p><strong>11. Eingebettete Inhalte<\/strong><\/p>\n<p>Auf unserer Website sind Videos von Vimeo eingebettet. Beim Abspielen k\u00f6nnen Daten an Vimeo \u00fcbertragen werden. <\/p>\n<p><strong>12. Aktualisierung<\/strong><\/p>\n<p>Diese Datenschutzerkl\u00e4rung kann jederzeit angepasst werden. Die jeweils aktuelle Version ist auf der Website verf\u00fcgbar. <\/p>\t\t\t\t\t\t\t\t<\/div>\n\t\t\t\t\t<\/div>\n\t\t\t\t<\/div>\n\t\t\t\t<\/div>\n\t\t","protected":false},"excerpt":{"rendered":"<p>DATENSCHUTZERKL\u00c4RUNG 1. Einleitung MIEKO ARTS LTD nimmt den Schutz Ihrer personenbezogenen Daten sehr ernst. Diese Datenschutzerkl\u00e4rung informiert Sie dar\u00fcber, wie wir Ihre personenbezogenen Daten auf www.steventimmerman.com erheben, verarbeiten und sch\u00fctzen. 2. Verantwortlicher MIEKO ARTS LTD61 Archbishop Makarios III AvenueSerghides House, 1st floorFlat\/ Offioce1026017 LarnacaRepublic of Cyprus Email: contact@steventimmerman.com MIEKO ARTS LTD ist f\u00fcr die Verarbeitung [&hellip;]<\/p>\n","protected":false},"author":2,"featured_media":0,"parent":0,"menu_order":0,"comment_status":"closed","ping_status":"closed","template":"","meta":{"footnotes":""},"class_list":["post-1862","page","type-page","status-publish","hentry"],"_links":{"self":[{"href":"https:\/\/steven.pixxels.dev\/de\/wp-json\/wp\/v2\/pages\/1862","targetHints":{"allow":["GET"]}}],"collection":[{"href":"https:\/\/steven.pixxels.dev\/de\/wp-json\/wp\/v2\/pages"}],"about":[{"href":"https:\/\/steven.pixxels.dev\/de\/wp-json\/wp\/v2\/types\/page"}],"author":[{"embeddable":true,"href":"https:\/\/steven.pixxels.dev\/de\/wp-json\/wp\/v2\/users\/2"}],"replies":[{"embeddable":true,"href":"https:\/\/steven.pixxels.dev\/de\/wp-json\/wp\/v2\/comments?post=1862"}],"version-history":[{"count":3,"href":"https:\/\/steven.pixxels.dev\/de\/wp-json\/wp\/v2\/pages\/1862\/revisions"}],"predecessor-version":[{"id":2056,"href":"https:\/\/steven.pixxels.dev\/de\/wp-json\/wp\/v2\/pages\/1862\/revisions\/2056"}],"wp:attachment":[{"href":"https:\/\/steven.pixxels.dev\/de\/wp-json\/wp\/v2\/media?parent=1862"}],"curies":[{"name":"wp","href":"https:\/\/api.w.org\/{rel}","templated":true}]}}